{"id":37,"date":"2019-07-19T14:53:11","date_gmt":"2019-07-19T12:53:11","guid":{"rendered":"http:\/\/joerg-woelker.de\/?page_id=37"},"modified":"2019-07-19T16:04:51","modified_gmt":"2019-07-19T14:04:51","slug":"fernwartung","status":"publish","type":"page","link":"https:\/\/joerg-woelker.de\/?page_id=37","title":{"rendered":"Fernwartung"},"content":{"rendered":"\n<h2 class=\"wp-block-heading\"><p>mit Teamviewer<\/p><\/h2>\n\n\n\n<!-- TeamViewer Logo (generated at https:\/\/www.teamviewer.com) -->\n<div style=\"position:relative; width:234px; height:60px;\">\n  <a href=\"https:\/\/www.teamviewer.com\/link\/?url=505374&#038;id=987666180\" style=\"text-decoration:none;\">\n    <img loading=\"lazy\" decoding=\"async\" src=\"https:\/\/www.teamviewer.com\/link\/?url=945136&#038;id=987666180\" alt=\"TeamViewer \u2013 die Software f\u00fcr den Zugriff auf PCs \u00fcber das Internet\" title=\"TeamViewer \u2013 die Software f\u00fcr den Zugriff auf PCs \u00fcber das Internet\" border=\"0\" width=\"234\" height=\"60\" \/>\n    <span style=\"position:absolute; top:22.5px; left:55px; display:block; cursor:pointer; color:White; font-family:Arial; font-size:13px; line-height:1.2em; font-weight:bold; text-align:center; width:174px;\">\n      TeamViewer QuickSupport\n    <\/span>\n  <\/a>\n<\/div>\n<p\/>\n\n\n\n<p> Bitte klicken Sie auf den Link, anschliessen k\u00f6nnen Sie die Datei speichern, dann finden die Datei &#8222;TeamviewerQS.exe&#8220; im Download-Ordner. Alternativ k\u00f6nnen sie die Ausf\u00fchrung auch direkt starten.<\/p>\n","protected":false},"excerpt":{"rendered":"<p>mit Teamviewer TeamViewer QuickSupport Bitte klicken Sie auf den Link, anschliessen k\u00f6nnen Sie die Datei speichern, dann finden die Datei &#8222;TeamviewerQS.exe&#8220; im Download-Ordner. Alternativ k\u00f6nnen sie die Ausf\u00fchrung auch direkt starten.<\/p>\n","protected":false},"author":1,"featured_media":0,"parent":0,"menu_order":0,"comment_status":"closed","ping_status":"closed","template":"","meta":{"footnotes":""},"class_list":["post-37","page","type-page","status-publish","hentry"],"_links":{"self":[{"href":"https:\/\/joerg-woelker.de\/index.php?rest_route=\/wp\/v2\/pages\/37","targetHints":{"allow":["GET"]}}],"collection":[{"href":"https:\/\/joerg-woelker.de\/index.php?rest_route=\/wp\/v2\/pages"}],"about":[{"href":"https:\/\/joerg-woelker.de\/index.php?rest_route=\/wp\/v2\/types\/page"}],"author":[{"embeddable":true,"href":"https:\/\/joerg-woelker.de\/index.php?rest_route=\/wp\/v2\/users\/1"}],"replies":[{"embeddable":true,"href":"https:\/\/joerg-woelker.de\/index.php?rest_route=%2Fwp%2Fv2%2Fcomments&post=37"}],"version-history":[{"count":6,"href":"https:\/\/joerg-woelker.de\/index.php?rest_route=\/wp\/v2\/pages\/37\/revisions"}],"predecessor-version":[{"id":80,"href":"https:\/\/joerg-woelker.de\/index.php?rest_route=\/wp\/v2\/pages\/37\/revisions\/80"}],"wp:attachment":[{"href":"https:\/\/joerg-woelker.de\/index.php?rest_route=%2Fwp%2Fv2%2Fmedia&parent=37"}],"curies":[{"name":"wp","href":"https:\/\/api.w.org\/{rel}","templated":true}]}}