{"id":65,"date":"2019-07-19T15:45:55","date_gmt":"2019-07-19T13:45:55","guid":{"rendered":"http:\/\/joerg-woelker.de\/?page_id=65"},"modified":"2019-07-19T16:29:41","modified_gmt":"2019-07-19T14:29:41","slug":"cloud","status":"publish","type":"page","link":"https:\/\/joerg-woelker.de\/?page_id=65","title":{"rendered":"Cloud"},"content":{"rendered":"\n<p>Der n\u00e4chste Schritt &#8211; nicht f\u00fcr jeden, aber in vielen F\u00e4llen ein erfolgreicher Weg!<\/p>\n\n\n\n<p><strong>Microsoft Azure<\/strong> bietet Ihnen<\/p>\n\n\n\n<ul class=\"wp-block-list\"><li>Backup (Datensicherung in der Cloud)<\/li><li>Azure Site Recovers (Notfallrechenzentrum)<\/li><li>Azure Active Directory (Benutzerverwaltung)<\/li><li>&#8230;<\/li><\/ul>\n\n\n\n<p>Die Abrechnung erfolgt nach Nutzung!<\/p>\n\n\n\n<p>Kein Investitionskosten, einfacher Einstieg.<\/p>\n","protected":false},"excerpt":{"rendered":"<p>Der n\u00e4chste Schritt &#8211; nicht f\u00fcr jeden, aber in vielen F\u00e4llen ein erfolgreicher Weg! Microsoft Azure bietet Ihnen Backup (Datensicherung in der Cloud) Azure Site Recovers (Notfallrechenzentrum) Azure Active Directory (Benutzerverwaltung) &#8230; Die Abrechnung erfolgt nach Nutzung! Kein Investitionskosten, einfacher Einstieg.<\/p>\n","protected":false},"author":1,"featured_media":0,"parent":0,"menu_order":0,"comment_status":"closed","ping_status":"closed","template":"","meta":{"footnotes":""},"class_list":["post-65","page","type-page","status-publish","hentry"],"_links":{"self":[{"href":"https:\/\/joerg-woelker.de\/index.php?rest_route=\/wp\/v2\/pages\/65","targetHints":{"allow":["GET"]}}],"collection":[{"href":"https:\/\/joerg-woelker.de\/index.php?rest_route=\/wp\/v2\/pages"}],"about":[{"href":"https:\/\/joerg-woelker.de\/index.php?rest_route=\/wp\/v2\/types\/page"}],"author":[{"embeddable":true,"href":"https:\/\/joerg-woelker.de\/index.php?rest_route=\/wp\/v2\/users\/1"}],"replies":[{"embeddable":true,"href":"https:\/\/joerg-woelker.de\/index.php?rest_route=%2Fwp%2Fv2%2Fcomments&post=65"}],"version-history":[{"count":3,"href":"https:\/\/joerg-woelker.de\/index.php?rest_route=\/wp\/v2\/pages\/65\/revisions"}],"predecessor-version":[{"id":98,"href":"https:\/\/joerg-woelker.de\/index.php?rest_route=\/wp\/v2\/pages\/65\/revisions\/98"}],"wp:attachment":[{"href":"https:\/\/joerg-woelker.de\/index.php?rest_route=%2Fwp%2Fv2%2Fmedia&parent=65"}],"curies":[{"name":"wp","href":"https:\/\/api.w.org\/{rel}","templated":true}]}}